{"id":703,"date":"2024-05-11T20:01:27","date_gmt":"2024-05-11T18:01:27","guid":{"rendered":"https:\/\/www.nettoad.dev\/manus\/?post_type=product&#038;p=703"},"modified":"2024-05-28T08:57:24","modified_gmt":"2024-05-28T06:57:24","slug":"produkte-54-2","status":"publish","type":"product","link":"https:\/\/nettoad.dev\/manus\/produkt\/produkte-54-2\/","title":{"rendered":"Religi\u00f6ses-Bild-Gem\u00e4lde!"},"content":{"rendered":"","protected":false},"excerpt":{"rendered":"<p>Religi\u00f6ses-Bild-Gem\u00e4lde.<br \/>\nDie L\u00e4nge 132 cm. Die Breite 64 cm.<br \/>\nKann in Wil SG abgeholt werden.<\/p>\n","protected":false},"featured_media":968,"comment_status":"open","ping_status":"closed","template":"","meta":{"_et_pb_use_builder":"","_et_pb_old_content":"","_et_gb_content_width":""},"product_cat":[20],"product_tag":[],"_links":{"self":[{"href":"https:\/\/nettoad.dev\/manus\/wp-json\/wp\/v2\/product\/703"}],"collection":[{"href":"https:\/\/nettoad.dev\/manus\/wp-json\/wp\/v2\/product"}],"about":[{"href":"https:\/\/nettoad.dev\/manus\/wp-json\/wp\/v2\/types\/product"}],"replies":[{"embeddable":true,"href":"https:\/\/nettoad.dev\/manus\/wp-json\/wp\/v2\/comments?post=703"}],"wp:featuredmedia":[{"embeddable":true,"href":"https:\/\/nettoad.dev\/manus\/wp-json\/wp\/v2\/media\/968"}],"wp:attachment":[{"href":"https:\/\/nettoad.dev\/manus\/wp-json\/wp\/v2\/media?parent=703"}],"wp:term":[{"taxonomy":"product_cat","embeddable":true,"href":"https:\/\/nettoad.dev\/manus\/wp-json\/wp\/v2\/product_cat?post=703"},{"taxonomy":"product_tag","embeddable":true,"href":"https:\/\/nettoad.dev\/manus\/wp-json\/wp\/v2\/product_tag?post=703"}],"curies":[{"name":"wp","href":"https:\/\/api.w.org\/{rel}","templated":true}]}}