{"id":308,"date":"2024-05-09T19:22:19","date_gmt":"2024-05-09T17:22:19","guid":{"rendered":"https:\/\/www.nettoad.dev\/manus\/?post_type=product&#038;p=308"},"modified":"2024-05-17T07:22:29","modified_gmt":"2024-05-17T05:22:29","slug":"produkte-66","status":"publish","type":"product","link":"https:\/\/nettoad.dev\/manus\/produkt\/produkte-66\/","title":{"rendered":"Wetzstein-Beh\u00e4lter aus Holz!"},"content":{"rendered":"","protected":false},"excerpt":{"rendered":"<p>Wetzstein-Beh\u00e4lter aus Holz mit Bauernmalerei.<br \/>\nIn diesen Beh\u00e4lter mit Wetzstein wurden fr\u00fcher zum m\u00e4hen bzw. zum sch\u00e4rfen oder sensen benutzt.<br \/>\n30 cm. lang.<\/p>\n","protected":false},"featured_media":988,"comment_status":"open","ping_status":"closed","template":"","meta":{"_et_pb_use_builder":"","_et_pb_old_content":"","_et_gb_content_width":""},"product_cat":[20],"product_tag":[],"_links":{"self":[{"href":"https:\/\/nettoad.dev\/manus\/wp-json\/wp\/v2\/product\/308"}],"collection":[{"href":"https:\/\/nettoad.dev\/manus\/wp-json\/wp\/v2\/product"}],"about":[{"href":"https:\/\/nettoad.dev\/manus\/wp-json\/wp\/v2\/types\/product"}],"replies":[{"embeddable":true,"href":"https:\/\/nettoad.dev\/manus\/wp-json\/wp\/v2\/comments?post=308"}],"wp:featuredmedia":[{"embeddable":true,"href":"https:\/\/nettoad.dev\/manus\/wp-json\/wp\/v2\/media\/988"}],"wp:attachment":[{"href":"https:\/\/nettoad.dev\/manus\/wp-json\/wp\/v2\/media?parent=308"}],"wp:term":[{"taxonomy":"product_cat","embeddable":true,"href":"https:\/\/nettoad.dev\/manus\/wp-json\/wp\/v2\/product_cat?post=308"},{"taxonomy":"product_tag","embeddable":true,"href":"https:\/\/nettoad.dev\/manus\/wp-json\/wp\/v2\/product_tag?post=308"}],"curies":[{"name":"wp","href":"https:\/\/api.w.org\/{rel}","templated":true}]}}