{"id":8,"date":"2024-05-08T18:51:53","date_gmt":"2024-05-08T16:51:53","guid":{"rendered":"https:\/\/www.nettoad.dev\/manus\/?page_id=8"},"modified":"2024-05-15T18:03:22","modified_gmt":"2024-05-15T16:03:22","slug":"home","status":"publish","type":"page","link":"https:\/\/nettoad.dev\/manus\/","title":{"rendered":"home"},"content":{"rendered":"<p>[et_pb_section fb_built=&#8220;1&#8243; module_class=&#8220;main_banner_section&#8220; _builder_version=&#8220;4.24.2&#8243; _module_preset=&#8220;default&#8220; background_image=&#8220;https:\/\/nettoad.dev\/manus\/wp-content\/uploads\/2024\/05\/banner.jpg&#8220; module_alignment=&#8220;center&#8220; min_height=&#8220;720px&#8220; min_height_tablet=&#8220;550px&#8220; min_height_phone=&#8220;490px&#8220; min_height_last_edited=&#8220;on|phone&#8220; max_height=&#8220;720px&#8220; max_height_tablet=&#8220;550px&#8220; max_height_phone=&#8220;490px&#8220; max_height_last_edited=&#8220;on|desktop&#8220; global_colors_info=&#8220;{}&#8220;][et_pb_row column_structure=&#8220;2_3,1_3&#8243; use_custom_gutter=&#8220;on&#8220; _builder_version=&#8220;4.24.2&#8243; _module_preset=&#8220;default&#8220; max_width=&#8220;1100px&#8220; global_colors_info=&#8220;{}&#8220;][et_pb_column type=&#8220;2_3&#8243; _builder_version=&#8220;4.24.2&#8243; _module_preset=&#8220;default&#8220; global_colors_info=&#8220;{}&#8220;][et_pb_text _builder_version=&#8220;4.24.2&#8243; _module_preset=&#8220;default&#8220; text_font=&#8220;Courgette||||||||&#8220; text_text_color=&#8220;#FFFFFF&#8220; text_font_size=&#8220;35px&#8220; custom_margin=&#8220;||0px||false|false&#8220; global_colors_info=&#8220;{}&#8220;]<\/p>\n<p>Willkommen in unserem Shop<\/p>\n<p>[\/et_pb_text][et_pb_text _builder_version=&#8220;4.24.2&#8243; _module_preset=&#8220;default&#8220; text_font=&#8220;Lato|900||on|||||&#8220; text_text_color=&#8220;#FFFFFF&#8220; text_font_size=&#8220;54px&#8220; text_line_height=&#8220;1.2em&#8220; width=&#8220;582px&#8220; global_colors_info=&#8220;{}&#8220;]<\/p>\n<p>Manus<br \/>schn\u00c4ppchen<\/p>\n<p>[\/et_pb_text][\/et_pb_column][et_pb_column type=&#8220;1_3&#8243; _builder_version=&#8220;4.24.2&#8243; _module_preset=&#8220;default&#8220; global_colors_info=&#8220;{}&#8220;][et_pb_image src=&#8220;https:\/\/nettoad.dev\/manus\/wp-content\/uploads\/2024\/05\/logo_guys.png&#8220; align=&#8220;right&#8220; _builder_version=&#8220;4.24.2&#8243; _module_preset=&#8220;default&#8220; global_colors_info=&#8220;{}&#8220;][\/et_pb_image][et_pb_button button_url=&#8220;https:\/\/nettoad.dev\/manus\/shops\/&#8220; button_text=&#8220;SHOP NOW&#8220; button_alignment=&#8220;right&#8220; _builder_version=&#8220;4.25.1&#8243; _module_preset=&#8220;default&#8220; custom_button=&#8220;on&#8220; button_text_color=&#8220;#FFFFFF&#8220; button_bg_color=&#8220;#000000&#8243; global_colors_info=&#8220;{}&#8220;][\/et_pb_button][\/et_pb_column][\/et_pb_row][et_pb_row disabled_on=&#8220;on|on|off&#8220; _builder_version=&#8220;4.24.2&#8243; _module_preset=&#8220;default&#8220; global_colors_info=&#8220;{}&#8220;][et_pb_column type=&#8220;4_4&#8243; _builder_version=&#8220;4.24.2&#8243; _module_preset=&#8220;default&#8220; global_colors_info=&#8220;{}&#8220;][et_pb_social_media_follow module_class=&#8220;banner_socail_media&#8220; _builder_version=&#8220;4.25.1&#8243; _module_preset=&#8220;default&#8220; global_colors_info=&#8220;{}&#8220;][et_pb_social_media_follow_network social_network=&#8220;facebook&#8220; _builder_version=&#8220;4.24.2&#8243; _module_preset=&#8220;default&#8220; background_enable_color=&#8220;off&#8220; global_colors_info=&#8220;{}&#8220; follow_button=&#8220;off&#8220; url_new_window=&#8220;on&#8220;]facebook[\/et_pb_social_media_follow_network][et_pb_social_media_follow_network social_network=&#8220;instagram&#8220; _builder_version=&#8220;4.24.2&#8243; _module_preset=&#8220;default&#8220; background_enable_color=&#8220;off&#8220; global_colors_info=&#8220;{}&#8220; follow_button=&#8220;off&#8220; url_new_window=&#8220;on&#8220;]instagram[\/et_pb_social_media_follow_network][\/et_pb_social_media_follow][\/et_pb_column][\/et_pb_row][\/et_pb_section][et_pb_section fb_built=&#8220;1&#8243; custom_padding_last_edited=&#8220;on|phone&#8220; module_class=&#8220;home_about_section&#8220; _builder_version=&#8220;4.25.1&#8243; _module_preset=&#8220;default&#8220; background_image=&#8220;https:\/\/nettoad.dev\/manus\/wp-content\/uploads\/2024\/05\/circle-1.png&#8220; background_size=&#8220;contain&#8220; background_position=&#8220;top_center&#8220; width=&#8220;100%&#8220; max_width=&#8220;100%&#8220; module_alignment=&#8220;center&#8220; custom_padding_tablet=&#8220;&#8220; custom_padding_phone=&#8220;15px||0px||false|false&#8220; hover_enabled=&#8220;0&#8243; global_colors_info=&#8220;{}&#8220; module_id=&#8220;\u00dcber-uns&#8220; sticky_enabled=&#8220;0&#8243;][et_pb_row column_structure=&#8220;2_5,3_5&#8243; _builder_version=&#8220;4.25.1&#8243; _module_preset=&#8220;default&#8220; global_colors_info=&#8220;{}&#8220;][et_pb_column type=&#8220;2_5&#8243; _builder_version=&#8220;4.25.1&#8243; _module_preset=&#8220;default&#8220; global_colors_info=&#8220;{}&#8220;][et_pb_image src=&#8220;https:\/\/nettoad.dev\/manus\/wp-content\/uploads\/2024\/05\/face-1.png&#8220; _builder_version=&#8220;4.25.1&#8243; _module_preset=&#8220;default&#8220; custom_margin=&#8220;|1px||||&#8220; hover_enabled=&#8220;0&#8243; global_colors_info=&#8220;{}&#8220; sticky_enabled=&#8220;0&#8243;][\/et_pb_image][\/et_pb_column][et_pb_column type=&#8220;3_5&#8243; _builder_version=&#8220;4.25.1&#8243; _module_preset=&#8220;default&#8220; global_colors_info=&#8220;{}&#8220;][et_pb_image src=&#8220;https:\/\/nettoad.dev\/manus\/wp-content\/uploads\/2024\/05\/Group-14-2.png&#8220; _builder_version=&#8220;4.25.1&#8243; _module_preset=&#8220;default&#8220; global_colors_info=&#8220;{}&#8220;][\/et_pb_image][et_pb_text _builder_version=&#8220;4.25.1&#8243; _module_preset=&#8220;default&#8220; text_font=&#8220;Lato||||||||&#8220; text_font_size=&#8220;20px&#8220; text_orientation=&#8220;center&#8220; text_font_size_tablet=&#8220;20px&#8220; text_font_size_phone=&#8220;16px&#8220; text_font_size_last_edited=&#8220;on|phone&#8220; global_colors_info=&#8220;{}&#8220;]<\/p>\n<p>Ich bin im sch\u00f6nen Hinterthurgau-Tannzapfenland aufgewachsen. Bin ein sehr kreativer Mensch. Mir ist es wichtig, dass gut erhaltene Artikel nicht einfach weggeworfen werden.\u2028Ich m\u00f6chte auch Personen mit einem kleineren Budget ansprechen. Ich lege sehr grossen Wert darauf, dass meine Artikel sauber, unbesch\u00e4digt und vollst\u00e4ndig sind. Ich erg\u00e4nze mein Sortiment laufend mit neuen Artikeln.\u2028Die Artikel k\u00f6nnen in Wil SG, Bronschhofen, Eschlikon, Balterswil abgeholt werden. Ich freue mich, wenn Sie in meinen Shop reinschauen und st\u00f6bern. \u2028Manuela Bizzarro<\/p>\n<p>[\/et_pb_text][et_pb_text _builder_version=&#8220;4.25.1&#8243; _module_preset=&#8220;default&#8220; text_font=&#8220;Courgette|700|||||||&#8220; text_text_color=&#8220;#f91212&#8243; text_font_size=&#8220;30px&#8220; text_orientation=&#8220;center&#8220; global_colors_info=&#8220;{}&#8220;]Manuela Bizzarro[\/et_pb_text][\/et_pb_column][\/et_pb_row][\/et_pb_section][et_pb_section fb_built=&#8220;1&#8243; custom_padding_last_edited=&#8220;on|phone&#8220; disabled_on=&#8220;off|off|off&#8220; module_class=&#8220;home_second_slider&#8220; _builder_version=&#8220;4.25.1&#8243; _module_preset=&#8220;default&#8220; background_enable_image=&#8220;off&#8220; background_size=&#8220;contain&#8220; background_position=&#8220;top_center&#8220; background_vertical_offset=&#8220;-20%&#8220; custom_margin=&#8220;0px||20px||false|false&#8220; custom_padding=&#8220;0px||80px||false|false&#8220; custom_padding_tablet=&#8220;0px||80px||false|false&#8220; custom_padding_phone=&#8220;0px||40px||false|false&#8220; global_colors_info=&#8220;{}&#8220;][et_pb_row _builder_version=&#8220;4.25.1&#8243; _module_preset=&#8220;default&#8220; custom_margin=&#8220;0px||0px||false|false&#8220; custom_padding=&#8220;25px||0px||false|false&#8220; global_colors_info=&#8220;{}&#8220;][et_pb_column type=&#8220;4_4&#8243; _builder_version=&#8220;4.24.2&#8243; _module_preset=&#8220;default&#8220; global_colors_info=&#8220;{}&#8220;][et_pb_image src=&#8220;https:\/\/nettoad.dev\/manus\/wp-content\/uploads\/2024\/05\/Group-14.png&#8220; align=&#8220;center&#8220; _builder_version=&#8220;4.24.2&#8243; _module_preset=&#8220;default&#8220; global_colors_info=&#8220;{}&#8220;][\/et_pb_image][\/et_pb_column][\/et_pb_row][et_pb_row _builder_version=&#8220;4.25.1&#8243; _module_preset=&#8220;default&#8220; custom_padding=&#8220;0px||0px||false|false&#8220; global_colors_info=&#8220;{}&#8220;][et_pb_column type=&#8220;4_4&#8243; _builder_version=&#8220;4.24.2&#8243; _module_preset=&#8220;default&#8220; global_colors_info=&#8220;{}&#8220;][et_pb_wptools_product_carousel slidestoshow=&#8220;5&#8243; disabled_on=&#8220;on|off|off&#8220; module_class=&#8220;manus_product_sec&#8220; _builder_version=&#8220;4.25.1&#8243; _module_preset=&#8220;default&#8220; global_colors_info=&#8220;{}&#8220;][et_pb_wptools_carousel_product_item blog_id=&#8220;115-p&#8220; _builder_version=&#8220;4.24.2&#8243; _module_preset=&#8220;default&#8220; global_colors_info=&#8220;{}&#8220;][\/et_pb_wptools_carousel_product_item][et_pb_wptools_carousel_product_item blog_id=&#8220;115-p&#8220; _builder_version=&#8220;4.24.2&#8243; _module_preset=&#8220;default&#8220; global_colors_info=&#8220;{}&#8220;][\/et_pb_wptools_carousel_product_item][et_pb_wptools_carousel_product_item blog_id=&#8220;115-p&#8220; _builder_version=&#8220;4.24.2&#8243; _module_preset=&#8220;default&#8220; global_colors_info=&#8220;{}&#8220;][\/et_pb_wptools_carousel_product_item][et_pb_wptools_carousel_product_item blog_id=&#8220;115-p&#8220; _builder_version=&#8220;4.24.2&#8243; _module_preset=&#8220;default&#8220; global_colors_info=&#8220;{}&#8220;][\/et_pb_wptools_carousel_product_item][et_pb_wptools_carousel_product_item blog_id=&#8220;115-p&#8220; _builder_version=&#8220;4.24.2&#8243; _module_preset=&#8220;default&#8220; global_colors_info=&#8220;{}&#8220;][\/et_pb_wptools_carousel_product_item][et_pb_wptools_carousel_product_item blog_id=&#8220;115-p&#8220; _builder_version=&#8220;4.24.2&#8243; _module_preset=&#8220;default&#8220; global_colors_info=&#8220;{}&#8220;][\/et_pb_wptools_carousel_product_item][\/et_pb_wptools_product_carousel][et_pb_wptools_product_carousel slidestoshow=&#8220;1&#8243; disabled_on=&#8220;off|on|on&#8220; module_class=&#8220;manus_product_sec&#8220; _builder_version=&#8220;4.25.1&#8243; _module_preset=&#8220;default&#8220; global_colors_info=&#8220;{}&#8220;][et_pb_wptools_carousel_product_item blog_id=&#8220;115-p&#8220; _builder_version=&#8220;4.24.2&#8243; _module_preset=&#8220;default&#8220; global_colors_info=&#8220;{}&#8220;][\/et_pb_wptools_carousel_product_item][et_pb_wptools_carousel_product_item blog_id=&#8220;115-p&#8220; _builder_version=&#8220;4.24.2&#8243; _module_preset=&#8220;default&#8220; global_colors_info=&#8220;{}&#8220;][\/et_pb_wptools_carousel_product_item][et_pb_wptools_carousel_product_item blog_id=&#8220;115-p&#8220; _builder_version=&#8220;4.24.2&#8243; _module_preset=&#8220;default&#8220; global_colors_info=&#8220;{}&#8220;][\/et_pb_wptools_carousel_product_item][et_pb_wptools_carousel_product_item blog_id=&#8220;115-p&#8220; _builder_version=&#8220;4.24.2&#8243; _module_preset=&#8220;default&#8220; global_colors_info=&#8220;{}&#8220;][\/et_pb_wptools_carousel_product_item][et_pb_wptools_carousel_product_item blog_id=&#8220;115-p&#8220; _builder_version=&#8220;4.24.2&#8243; _module_preset=&#8220;default&#8220; global_colors_info=&#8220;{}&#8220;][\/et_pb_wptools_carousel_product_item][\/et_pb_wptools_product_carousel][\/et_pb_column][\/et_pb_row][\/et_pb_section][et_pb_section fb_built=&#8220;1&#8243; custom_padding_last_edited=&#8220;on|phone&#8220; module_class=&#8220;product_gallery_sec&#8220; _builder_version=&#8220;4.25.1&#8243; _module_preset=&#8220;default&#8220; background_image=&#8220;https:\/\/nettoad.dev\/manus\/wp-content\/uploads\/2024\/05\/Group-16.png&#8220; width=&#8220;100%&#8220; max_width=&#8220;100%&#8220; custom_padding=&#8220;27px||50px||false|false&#8220; custom_padding_tablet=&#8220;27px||50px||false|false&#8220; custom_padding_phone=&#8220;||0px||false|false&#8220; global_colors_info=&#8220;{}&#8220;][et_pb_row _builder_version=&#8220;4.25.1&#8243; _module_preset=&#8220;default&#8220; global_colors_info=&#8220;{}&#8220;][et_pb_column type=&#8220;4_4&#8243; _builder_version=&#8220;4.25.1&#8243; _module_preset=&#8220;default&#8220; global_colors_info=&#8220;{}&#8220;][et_pb_image src=&#8220;https:\/\/nettoad.dev\/manus\/wp-content\/uploads\/2024\/05\/Group-15.png&#8220; align=&#8220;center&#8220; _builder_version=&#8220;4.25.1&#8243; _module_preset=&#8220;default&#8220; custom_padding=&#8220;||42px|||&#8220; custom_padding_tablet=&#8220;||42px|||&#8220; custom_padding_phone=&#8220;||10px||false|false&#8220; custom_padding_last_edited=&#8220;on|phone&#8220; global_colors_info=&#8220;{}&#8220;][\/et_pb_image][\/et_pb_column][\/et_pb_row][et_pb_row column_structure=&#8220;3_5,2_5&#8243; _builder_version=&#8220;4.25.1&#8243; _module_preset=&#8220;default&#8220; global_colors_info=&#8220;{}&#8220;][et_pb_column type=&#8220;3_5&#8243; _builder_version=&#8220;4.25.1&#8243; _module_preset=&#8220;default&#8220; global_colors_info=&#8220;{}&#8220;][et_pb_wptools_product_carousel slidestoshow=&#8220;1&#8243; module_class=&#8220;manus_sec_pro&#8220; _builder_version=&#8220;4.25.1&#8243; _module_preset=&#8220;default&#8220; global_colors_info=&#8220;{}&#8220;][et_pb_wptools_carousel_product_item blog_id=&#8220;266-p&#8220; _builder_version=&#8220;4.24.2&#8243; _module_preset=&#8220;default&#8220; global_colors_info=&#8220;{}&#8220;][\/et_pb_wptools_carousel_product_item][et_pb_wptools_carousel_product_item blog_id=&#8220;266-p&#8220; _builder_version=&#8220;4.24.2&#8243; _module_preset=&#8220;default&#8220; global_colors_info=&#8220;{}&#8220;][\/et_pb_wptools_carousel_product_item][et_pb_wptools_carousel_product_item blog_id=&#8220;157-p&#8220; _builder_version=&#8220;4.25.1&#8243; _module_preset=&#8220;default&#8220; global_colors_info=&#8220;{}&#8220;][\/et_pb_wptools_carousel_product_item][\/et_pb_wptools_product_carousel][et_pb_code _builder_version=&#8220;4.25.1&#8243; _module_preset=&#8220;default&#8220; global_colors_info=&#8220;{}&#8220;]<script src=\"https:\/\/ajax.googleapis.com\/ajax\/libs\/jquery\/3.7.1\/jquery.min.js\"><\/script><!-- [et_pb_line_break_holder] --><script><!-- [et_pb_line_break_holder] -->$(document).ready(function(){<!-- [et_pb_line_break_holder] -->    var name = $(\".product_gallery_sec ul.products.columns-4\").height();<!-- [et_pb_line_break_holder] -->  var text1 = name - 30;<!-- [et_pb_line_break_holder] -->     $(\".product_gallery_sec .et_pb_wptools_product_carousel img\").css(\"height\", text1 + \"px\");<!-- [et_pb_line_break_holder] -->});<!-- [et_pb_line_break_holder] --><\/script>[\/et_pb_code][\/et_pb_column][et_pb_column type=&#8220;2_5&#8243; _builder_version=&#8220;4.25.1&#8243; _module_preset=&#8220;default&#8220; global_colors_info=&#8220;{}&#8220;][et_pb_shop type=&#8220;latest&#8220; posts_number=&#8220;4&#8243; show_price=&#8220;off&#8220; show_rating=&#8220;off&#8220; show_sale_badge=&#8220;off&#8220; _builder_version=&#8220;4.25.1&#8243; _module_preset=&#8220;default&#8220; global_colors_info=&#8220;{}&#8220;][\/et_pb_shop][\/et_pb_column][\/et_pb_row][\/et_pb_section][et_pb_section fb_built=&#8220;1&#8243; module_class=&#8220;botton_slider_product&#8220; _builder_version=&#8220;4.25.1&#8243; _module_preset=&#8220;default&#8220; custom_margin=&#8220;65px||0px||false|false&#8220; custom_margin_tablet=&#8220;65px||0px||false|false&#8220; custom_margin_phone=&#8220;30px||||false|false&#8220; custom_margin_last_edited=&#8220;on|phone&#8220; custom_padding=&#8220;0px||0px||false|false&#8220; global_colors_info=&#8220;{}&#8220;][et_pb_row column_structure=&#8220;1_2,1_2&#8243; custom_padding_last_edited=&#8220;on|phone&#8220; _builder_version=&#8220;4.25.1&#8243; _module_preset=&#8220;default&#8220; custom_margin=&#8220;2px|auto||auto||&#8220; custom_padding=&#8220;45px|||||&#8220; custom_padding_tablet=&#8220;45px|||||&#8220; custom_padding_phone=&#8220;30px||||false|false&#8220; global_colors_info=&#8220;{}&#8220;][et_pb_column type=&#8220;1_2&#8243; _builder_version=&#8220;4.24.2&#8243; _module_preset=&#8220;default&#8220; global_colors_info=&#8220;{}&#8220;][et_pb_image src=&#8220;https:\/\/nettoad.dev\/manus\/wp-content\/uploads\/2024\/05\/Group-17.png&#8220; title_text=&#8220;Frame 2&#8243; _builder_version=&#8220;4.24.2&#8243; _module_preset=&#8220;default&#8220; global_colors_info=&#8220;{}&#8220;][\/et_pb_image][et_pb_wptools_product_carousel slidestoshow=&#8220;1&#8243; module_class=&#8220;produ_secc1&#8243; _builder_version=&#8220;4.24.2&#8243; _module_preset=&#8220;default&#8220; global_colors_info=&#8220;{}&#8220;][et_pb_wptools_carousel_product_item blog_id=&#8220;151-p&#8220; _builder_version=&#8220;4.24.2&#8243; _module_preset=&#8220;default&#8220; global_colors_info=&#8220;{}&#8220;][\/et_pb_wptools_carousel_product_item][et_pb_wptools_carousel_product_item blog_id=&#8220;151-p&#8220; _builder_version=&#8220;4.24.2&#8243; _module_preset=&#8220;default&#8220; global_colors_info=&#8220;{}&#8220;][\/et_pb_wptools_carousel_product_item][\/et_pb_wptools_product_carousel][\/et_pb_column][et_pb_column type=&#8220;1_2&#8243; _builder_version=&#8220;4.24.2&#8243; _module_preset=&#8220;default&#8220; global_colors_info=&#8220;{}&#8220;][et_pb_image src=&#8220;https:\/\/nettoad.dev\/manus\/wp-content\/uploads\/2024\/05\/Group-18.png&#8220; _builder_version=&#8220;4.24.2&#8243; _module_preset=&#8220;default&#8220; global_colors_info=&#8220;{}&#8220;][\/et_pb_image][et_pb_wptools_product_carousel slidestoshow=&#8220;1&#8243; module_class=&#8220;produ_secc1&#8243; _builder_version=&#8220;4.24.2&#8243; _module_preset=&#8220;default&#8220; global_colors_info=&#8220;{}&#8220;][et_pb_wptools_carousel_product_item blog_id=&#8220;155-p&#8220; _builder_version=&#8220;4.24.2&#8243; _module_preset=&#8220;default&#8220; global_colors_info=&#8220;{}&#8220;][\/et_pb_wptools_carousel_product_item][et_pb_wptools_carousel_product_item blog_id=&#8220;157-p&#8220; _builder_version=&#8220;4.24.2&#8243; _module_preset=&#8220;default&#8220; global_colors_info=&#8220;{}&#8220;][\/et_pb_wptools_carousel_product_item][\/et_pb_wptools_product_carousel][\/et_pb_column][\/et_pb_row][\/et_pb_section]<\/p>\n","protected":false},"excerpt":{"rendered":"<p>Willkommen in unserem ShopManusschn\u00c4ppchenIch bin im sch\u00f6nen Hinterthurgau-Tannzapfenland aufgewachsen. Bin ein sehr kreativer Mensch. Mir ist es wichtig, dass gut erhaltene Artikel nicht einfach weggeworfen werden.\u2028Ich m\u00f6chte auch Personen mit einem kleineren Budget ansprechen. Ich lege sehr grossen Wert darauf, dass meine Artikel sauber, unbesch\u00e4digt und vollst\u00e4ndig sind. Ich erg\u00e4nze mein Sortiment laufend mit neuen [&hellip;]<\/p>\n","protected":false},"author":1,"featured_media":0,"parent":0,"menu_order":0,"comment_status":"closed","ping_status":"closed","template":"","meta":{"_et_pb_use_builder":"on","_et_pb_old_content":"","_et_gb_content_width":"","footnotes":""},"_links":{"self":[{"href":"https:\/\/nettoad.dev\/manus\/wp-json\/wp\/v2\/pages\/8"}],"collection":[{"href":"https:\/\/nettoad.dev\/manus\/wp-json\/wp\/v2\/pages"}],"about":[{"href":"https:\/\/nettoad.dev\/manus\/wp-json\/wp\/v2\/types\/page"}],"author":[{"embeddable":true,"href":"https:\/\/nettoad.dev\/manus\/wp-json\/wp\/v2\/users\/1"}],"replies":[{"embeddable":true,"href":"https:\/\/nettoad.dev\/manus\/wp-json\/wp\/v2\/comments?post=8"}],"version-history":[{"count":130,"href":"https:\/\/nettoad.dev\/manus\/wp-json\/wp\/v2\/pages\/8\/revisions"}],"predecessor-version":[{"id":875,"href":"https:\/\/nettoad.dev\/manus\/wp-json\/wp\/v2\/pages\/8\/revisions\/875"}],"wp:attachment":[{"href":"https:\/\/nettoad.dev\/manus\/wp-json\/wp\/v2\/media?parent=8"}],"curies":[{"name":"wp","href":"https:\/\/api.w.org\/{rel}","templated":true}]}}